{"id":1124,"date":"2026-02-16T02:31:13","date_gmt":"2026-02-16T01:31:13","guid":{"rendered":"http:\/\/alumno13.shopenlaces.com.es\/alumno13wp\/?post_type=product&#038;p=1124"},"modified":"2026-02-16T02:31:13","modified_gmt":"2026-02-16T01:31:13","slug":"piramides-de-egipto-y-crucero-por-el-nilo","status":"publish","type":"product","link":"http:\/\/alumno13.shopenlaces.com.es\/alumno13wp\/?product=piramides-de-egipto-y-crucero-por-el-nilo","title":{"rendered":"Pir\u00e1mides de Egipto y Crucero por el Nilo"},"content":{"rendered":"<p><strong>Descubre la tierra de los faraones en un viaje que te transportar\u00e1 3.000 a\u00f1os atr\u00e1s en el tiempo. Desde las imponentes Pir\u00e1mides hasta los templos de Luxor, disfrutar\u00e1s de una incre\u00edble experiencia dise\u00f1ada para conocer la esencia de Egipto sin prisas. La experiencia se completa con un crucero de lujo por el r\u00edo Nilo, permiti\u00e9ndote ver los paisajes m\u00e1s bellos del pa\u00eds desde la cubierta del barco.<\/strong><\/p>\n<p><strong>\u00a0<\/strong><\/p>\n<p><strong>(Precio para 8 d\u00edas\/7 noches).<\/strong><\/p>\n","protected":false},"excerpt":{"rendered":"<p><strong>Egipto sus pir\u00e1mides y crucero por el Nilo<\/strong><\/p>\n","protected":false},"featured_media":953,"comment_status":"open","ping_status":"closed","template":"","meta":[],"product_brand":[],"product_cat":[42],"product_tag":[],"class_list":{"0":"post-1124","1":"product","2":"type-product","3":"status-publish","4":"has-post-thumbnail","6":"product_cat-viaje-cultural","8":"first","9":"instock","10":"shipping-taxable","11":"purchasable","12":"product-type-simple"},"_links":{"self":[{"href":"http:\/\/alumno13.shopenlaces.com.es\/alumno13wp\/index.php?rest_route=\/wp\/v2\/product\/1124","targetHints":{"allow":["GET"]}}],"collection":[{"href":"http:\/\/alumno13.shopenlaces.com.es\/alumno13wp\/index.php?rest_route=\/wp\/v2\/product"}],"about":[{"href":"http:\/\/alumno13.shopenlaces.com.es\/alumno13wp\/index.php?rest_route=\/wp\/v2\/types\/product"}],"replies":[{"embeddable":true,"href":"http:\/\/alumno13.shopenlaces.com.es\/alumno13wp\/index.php?rest_route=%2Fwp%2Fv2%2Fcomments&post=1124"}],"wp:featuredmedia":[{"embeddable":true,"href":"http:\/\/alumno13.shopenlaces.com.es\/alumno13wp\/index.php?rest_route=\/wp\/v2\/media\/953"}],"wp:attachment":[{"href":"http:\/\/alumno13.shopenlaces.com.es\/alumno13wp\/index.php?rest_route=%2Fwp%2Fv2%2Fmedia&parent=1124"}],"wp:term":[{"taxonomy":"product_brand","embeddable":true,"href":"http:\/\/alumno13.shopenlaces.com.es\/alumno13wp\/index.php?rest_route=%2Fwp%2Fv2%2Fproduct_brand&post=1124"},{"taxonomy":"product_cat","embeddable":true,"href":"http:\/\/alumno13.shopenlaces.com.es\/alumno13wp\/index.php?rest_route=%2Fwp%2Fv2%2Fproduct_cat&post=1124"},{"taxonomy":"product_tag","embeddable":true,"href":"http:\/\/alumno13.shopenlaces.com.es\/alumno13wp\/index.php?rest_route=%2Fwp%2Fv2%2Fproduct_tag&post=1124"}],"curies":[{"name":"wp","href":"https:\/\/api.w.org\/{rel}","templated":true}]}}