{"id":1126,"date":"2026-02-16T02:33:55","date_gmt":"2026-02-16T01:33:55","guid":{"rendered":"http:\/\/alumno13.shopenlaces.com.es\/alumno13wp\/?post_type=product&#038;p=1126"},"modified":"2026-02-16T02:33:55","modified_gmt":"2026-02-16T01:33:55","slug":"la-gran-ciudad-new-york-y-vistas-al-skyline","status":"publish","type":"product","link":"http:\/\/alumno13.shopenlaces.com.es\/alumno13wp\/?product=la-gran-ciudad-new-york-y-vistas-al-skyline","title":{"rendered":"La gran ciudad New York y vistas al Skyline"},"content":{"rendered":"<p><strong>Siente la energ\u00eda de la ciudad que nunca duerme. Desde las luces de Times Square hasta la paz de Central Park, este viaje est\u00e1 dise\u00f1ado para que descubras los barrios m\u00e1s emblem\u00e1ticos de Manhattan y Brooklyn. Disfrutar\u00e1s de una estancia en el coraz\u00f3n de la ciudad, con acceso a los mejores miradores del mundo y tiempo libre para compras en el centro.<\/strong><\/p>\n<p><strong>\u00a0<\/strong><\/p>\n<p><strong>(Precio para 6 d\u00edas\/4 noches en hotel de 4 estrellas).<\/strong><\/p>\n","protected":false},"excerpt":{"rendered":"<p><strong>Nueva York la gran ciudad y vistas al Skylin.<\/strong><\/p>\n","protected":false},"featured_media":955,"comment_status":"open","ping_status":"closed","template":"","meta":[],"product_brand":[],"product_cat":[42],"product_tag":[],"class_list":{"0":"post-1126","1":"product","2":"type-product","3":"status-publish","4":"has-post-thumbnail","6":"product_cat-viaje-cultural","8":"first","9":"instock","10":"shipping-taxable","11":"purchasable","12":"product-type-simple"},"_links":{"self":[{"href":"http:\/\/alumno13.shopenlaces.com.es\/alumno13wp\/index.php?rest_route=\/wp\/v2\/product\/1126","targetHints":{"allow":["GET"]}}],"collection":[{"href":"http:\/\/alumno13.shopenlaces.com.es\/alumno13wp\/index.php?rest_route=\/wp\/v2\/product"}],"about":[{"href":"http:\/\/alumno13.shopenlaces.com.es\/alumno13wp\/index.php?rest_route=\/wp\/v2\/types\/product"}],"replies":[{"embeddable":true,"href":"http:\/\/alumno13.shopenlaces.com.es\/alumno13wp\/index.php?rest_route=%2Fwp%2Fv2%2Fcomments&post=1126"}],"wp:featuredmedia":[{"embeddable":true,"href":"http:\/\/alumno13.shopenlaces.com.es\/alumno13wp\/index.php?rest_route=\/wp\/v2\/media\/955"}],"wp:attachment":[{"href":"http:\/\/alumno13.shopenlaces.com.es\/alumno13wp\/index.php?rest_route=%2Fwp%2Fv2%2Fmedia&parent=1126"}],"wp:term":[{"taxonomy":"product_brand","embeddable":true,"href":"http:\/\/alumno13.shopenlaces.com.es\/alumno13wp\/index.php?rest_route=%2Fwp%2Fv2%2Fproduct_brand&post=1126"},{"taxonomy":"product_cat","embeddable":true,"href":"http:\/\/alumno13.shopenlaces.com.es\/alumno13wp\/index.php?rest_route=%2Fwp%2Fv2%2Fproduct_cat&post=1126"},{"taxonomy":"product_tag","embeddable":true,"href":"http:\/\/alumno13.shopenlaces.com.es\/alumno13wp\/index.php?rest_route=%2Fwp%2Fv2%2Fproduct_tag&post=1126"}],"curies":[{"name":"wp","href":"https:\/\/api.w.org\/{rel}","templated":true}]}}