{"id":1130,"date":"2026-02-16T02:39:04","date_gmt":"2026-02-16T01:39:04","guid":{"rendered":"http:\/\/alumno13.shopenlaces.com.es\/alumno13wp\/?post_type=product&#038;p=1130"},"modified":"2026-02-16T02:39:26","modified_gmt":"2026-02-16T01:39:26","slug":"atenas-y-crucero-por-las-islas-griegas","status":"publish","type":"product","link":"http:\/\/alumno13.shopenlaces.com.es\/alumno13wp\/?product=atenas-y-crucero-por-las-islas-griegas","title":{"rendered":"Atenas y crucero por las Islas Griegas"},"content":{"rendered":"<p><strong>Explora la Acr\u00f3polis de Atenas con la magia de navegar por el Mar Egeo. Este destino te llevar\u00e1 a descubrir las ic\u00f3nicas casas blancas de Mykonos, los atardeceres preciosas de Santorini y la historia milenaria de Creta y Kusadasi. Todo ello mientras disfrutas del confort y la gastronom\u00eda de un crucero dise\u00f1ado para el relax total.<\/strong><\/p>\n<p><strong>\u00a0<\/strong><\/p>\n<p><strong>(Precio para 8 d\u00edas\/7 noches).<\/strong><\/p>\n","protected":false},"excerpt":{"rendered":"<p><strong>Atenas y Crucero por las Islas Griegas (Mykonos y Santorini).<\/strong><\/p>\n","protected":false},"featured_media":966,"comment_status":"open","ping_status":"closed","template":"","meta":[],"product_brand":[],"product_cat":[44],"product_tag":[],"class_list":{"0":"post-1130","1":"product","2":"type-product","3":"status-publish","4":"has-post-thumbnail","6":"product_cat-viaje-en-crucero","8":"first","9":"instock","10":"shipping-taxable","11":"purchasable","12":"product-type-simple"},"_links":{"self":[{"href":"http:\/\/alumno13.shopenlaces.com.es\/alumno13wp\/index.php?rest_route=\/wp\/v2\/product\/1130","targetHints":{"allow":["GET"]}}],"collection":[{"href":"http:\/\/alumno13.shopenlaces.com.es\/alumno13wp\/index.php?rest_route=\/wp\/v2\/product"}],"about":[{"href":"http:\/\/alumno13.shopenlaces.com.es\/alumno13wp\/index.php?rest_route=\/wp\/v2\/types\/product"}],"replies":[{"embeddable":true,"href":"http:\/\/alumno13.shopenlaces.com.es\/alumno13wp\/index.php?rest_route=%2Fwp%2Fv2%2Fcomments&post=1130"}],"wp:featuredmedia":[{"embeddable":true,"href":"http:\/\/alumno13.shopenlaces.com.es\/alumno13wp\/index.php?rest_route=\/wp\/v2\/media\/966"}],"wp:attachment":[{"href":"http:\/\/alumno13.shopenlaces.com.es\/alumno13wp\/index.php?rest_route=%2Fwp%2Fv2%2Fmedia&parent=1130"}],"wp:term":[{"taxonomy":"product_brand","embeddable":true,"href":"http:\/\/alumno13.shopenlaces.com.es\/alumno13wp\/index.php?rest_route=%2Fwp%2Fv2%2Fproduct_brand&post=1130"},{"taxonomy":"product_cat","embeddable":true,"href":"http:\/\/alumno13.shopenlaces.com.es\/alumno13wp\/index.php?rest_route=%2Fwp%2Fv2%2Fproduct_cat&post=1130"},{"taxonomy":"product_tag","embeddable":true,"href":"http:\/\/alumno13.shopenlaces.com.es\/alumno13wp\/index.php?rest_route=%2Fwp%2Fv2%2Fproduct_tag&post=1130"}],"curies":[{"name":"wp","href":"https:\/\/api.w.org\/{rel}","templated":true}]}}