{"id":1132,"date":"2026-02-16T02:43:14","date_gmt":"2026-02-16T01:43:14","guid":{"rendered":"http:\/\/alumno13.shopenlaces.com.es\/alumno13wp\/?post_type=product&#038;p=1132"},"modified":"2026-02-16T02:43:14","modified_gmt":"2026-02-16T01:43:14","slug":"machu-picchu-el-imperio-inca","status":"publish","type":"product","link":"http:\/\/alumno13.shopenlaces.com.es\/alumno13wp\/?product=machu-picchu-el-imperio-inca","title":{"rendered":"Machu Picchu el Imperio Inca"},"content":{"rendered":"<p><strong>Emb\u00e1rcate en una aventura inolvidable por el coraz\u00f3n del Imperio Inca. Desde la preciosa Lima hasta las alturas de Cusco, este viaje te llevar\u00e1 a descubrir una de las maravillas del mundo: Machu Picchu. Recorrer\u00e1s el Valle Sagrado, conocer\u00e1s los mercados locales de Pisac y viajar\u00e1s con vistas espectaculares de los Andes, combinando historia viva con paisajes naturales.<\/strong><\/p>\n<p><strong>\u00a0<\/strong><\/p>\n<p><strong>(Precio para 10 d\u00edas\/8 noches).<\/strong><\/p>\n","protected":false},"excerpt":{"rendered":"<p><strong>Machu Picchu el imperio Inca y el Valle Sagrado.<\/strong><\/p>\n","protected":false},"featured_media":969,"comment_status":"open","ping_status":"closed","template":"","meta":[],"product_brand":[],"product_cat":[42],"product_tag":[],"class_list":{"0":"post-1132","1":"product","2":"type-product","3":"status-publish","4":"has-post-thumbnail","6":"product_cat-viaje-cultural","8":"first","9":"instock","10":"shipping-taxable","11":"purchasable","12":"product-type-simple"},"_links":{"self":[{"href":"http:\/\/alumno13.shopenlaces.com.es\/alumno13wp\/index.php?rest_route=\/wp\/v2\/product\/1132","targetHints":{"allow":["GET"]}}],"collection":[{"href":"http:\/\/alumno13.shopenlaces.com.es\/alumno13wp\/index.php?rest_route=\/wp\/v2\/product"}],"about":[{"href":"http:\/\/alumno13.shopenlaces.com.es\/alumno13wp\/index.php?rest_route=\/wp\/v2\/types\/product"}],"replies":[{"embeddable":true,"href":"http:\/\/alumno13.shopenlaces.com.es\/alumno13wp\/index.php?rest_route=%2Fwp%2Fv2%2Fcomments&post=1132"}],"wp:featuredmedia":[{"embeddable":true,"href":"http:\/\/alumno13.shopenlaces.com.es\/alumno13wp\/index.php?rest_route=\/wp\/v2\/media\/969"}],"wp:attachment":[{"href":"http:\/\/alumno13.shopenlaces.com.es\/alumno13wp\/index.php?rest_route=%2Fwp%2Fv2%2Fmedia&parent=1132"}],"wp:term":[{"taxonomy":"product_brand","embeddable":true,"href":"http:\/\/alumno13.shopenlaces.com.es\/alumno13wp\/index.php?rest_route=%2Fwp%2Fv2%2Fproduct_brand&post=1132"},{"taxonomy":"product_cat","embeddable":true,"href":"http:\/\/alumno13.shopenlaces.com.es\/alumno13wp\/index.php?rest_route=%2Fwp%2Fv2%2Fproduct_cat&post=1132"},{"taxonomy":"product_tag","embeddable":true,"href":"http:\/\/alumno13.shopenlaces.com.es\/alumno13wp\/index.php?rest_route=%2Fwp%2Fv2%2Fproduct_tag&post=1132"}],"curies":[{"name":"wp","href":"https:\/\/api.w.org\/{rel}","templated":true}]}}