{"id":1136,"date":"2026-02-16T02:47:58","date_gmt":"2026-02-16T01:47:58","guid":{"rendered":"http:\/\/alumno13.shopenlaces.com.es\/alumno13wp\/?post_type=product&#038;p=1136"},"modified":"2026-02-16T02:47:58","modified_gmt":"2026-02-16T01:47:58","slug":"noruega-y-la-magia-en-los-fordos-nordicos","status":"publish","type":"product","link":"http:\/\/alumno13.shopenlaces.com.es\/alumno13wp\/?product=noruega-y-la-magia-en-los-fordos-nordicos","title":{"rendered":"Noruega y la magia en los fordos N\u00f3rdicos"},"content":{"rendered":"<p><strong>Descubre la belleza sobrecogedora de Noruega en un viaje dise\u00f1ado repleto de pa\u00edsajes incre\u00edbles. Recorrer\u00e1s los fiordos m\u00e1s profundos del mundo, como el Sognefjord y el Geirangerfjord, rodeados de imponentes monta\u00f1as y cascadas infinitas. Desde la colorida ciudad de Bergen, con su famoso muelle Hanse\u00e1tico, hasta los glaciares, este viaje es una inmersi\u00f3n total en uno de los paisajes m\u00e1s puros y bonitos de Europa.<\/strong><\/p>\n<p><strong>\u00a0<\/strong><\/p>\n<p><strong>(Precio para 8 d\u00edas\/7 noches).<\/strong><\/p>\n","protected":false},"excerpt":{"rendered":"<p><strong>Noruega y magia en los fordos n\u00f3rdicos <\/strong><\/p>\n","protected":false},"featured_media":974,"comment_status":"open","ping_status":"closed","template":"","meta":[],"product_brand":[],"product_cat":[15],"product_tag":[],"class_list":{"0":"post-1136","1":"product","2":"type-product","3":"status-publish","4":"has-post-thumbnail","6":"product_cat-uncategorized","8":"first","9":"instock","10":"shipping-taxable","11":"purchasable","12":"product-type-simple"},"_links":{"self":[{"href":"http:\/\/alumno13.shopenlaces.com.es\/alumno13wp\/index.php?rest_route=\/wp\/v2\/product\/1136","targetHints":{"allow":["GET"]}}],"collection":[{"href":"http:\/\/alumno13.shopenlaces.com.es\/alumno13wp\/index.php?rest_route=\/wp\/v2\/product"}],"about":[{"href":"http:\/\/alumno13.shopenlaces.com.es\/alumno13wp\/index.php?rest_route=\/wp\/v2\/types\/product"}],"replies":[{"embeddable":true,"href":"http:\/\/alumno13.shopenlaces.com.es\/alumno13wp\/index.php?rest_route=%2Fwp%2Fv2%2Fcomments&post=1136"}],"wp:featuredmedia":[{"embeddable":true,"href":"http:\/\/alumno13.shopenlaces.com.es\/alumno13wp\/index.php?rest_route=\/wp\/v2\/media\/974"}],"wp:attachment":[{"href":"http:\/\/alumno13.shopenlaces.com.es\/alumno13wp\/index.php?rest_route=%2Fwp%2Fv2%2Fmedia&parent=1136"}],"wp:term":[{"taxonomy":"product_brand","embeddable":true,"href":"http:\/\/alumno13.shopenlaces.com.es\/alumno13wp\/index.php?rest_route=%2Fwp%2Fv2%2Fproduct_brand&post=1136"},{"taxonomy":"product_cat","embeddable":true,"href":"http:\/\/alumno13.shopenlaces.com.es\/alumno13wp\/index.php?rest_route=%2Fwp%2Fv2%2Fproduct_cat&post=1136"},{"taxonomy":"product_tag","embeddable":true,"href":"http:\/\/alumno13.shopenlaces.com.es\/alumno13wp\/index.php?rest_route=%2Fwp%2Fv2%2Fproduct_tag&post=1136"}],"curies":[{"name":"wp","href":"https:\/\/api.w.org\/{rel}","templated":true}]}}