{"id":1138,"date":"2026-02-16T02:50:35","date_gmt":"2026-02-16T01:50:35","guid":{"rendered":"http:\/\/alumno13.shopenlaces.com.es\/alumno13wp\/?post_type=product&#038;p=1138"},"modified":"2026-02-16T02:50:35","modified_gmt":"2026-02-16T01:50:35","slug":"la-tierra-de-fuego-y-hielo-islandia","status":"publish","type":"product","link":"http:\/\/alumno13.shopenlaces.com.es\/alumno13wp\/?product=la-tierra-de-fuego-y-hielo-islandia","title":{"rendered":"La tierra de Fuego y Hielo: Islandia"},"content":{"rendered":"<p><strong>Explora una de las tierras m\u00e1s j\u00f3venes y din\u00e1micas del planeta. Este viaje te llevar\u00e1 a recorrer los incre\u00edbles geysers de Geysir y la majestuosa cascada de Gullfoss. Podr\u00e1s relajarte en las aguas termales de la Laguna Azul, caminar sobre glaciares y maravillarte con las playas de arena negra de Vik. Un destino dise\u00f1ado para los amantes de la fotograf\u00eda y la aventura en estado puro.<\/strong><\/p>\n<p><strong>\u00a0<\/strong><\/p>\n<p><strong>(Precio para 8 d\u00edas\/7 noches).<\/strong><\/p>\n","protected":false},"excerpt":{"rendered":"<p><strong>Aventura en Islandia:<\/strong><\/p>\n<p><strong>La tierra de fuego y hielo<\/strong><\/p>\n","protected":false},"featured_media":977,"comment_status":"open","ping_status":"closed","template":"","meta":[],"product_brand":[],"product_cat":[42],"product_tag":[],"class_list":{"0":"post-1138","1":"product","2":"type-product","3":"status-publish","4":"has-post-thumbnail","6":"product_cat-viaje-cultural","8":"first","9":"instock","10":"shipping-taxable","11":"purchasable","12":"product-type-simple"},"_links":{"self":[{"href":"http:\/\/alumno13.shopenlaces.com.es\/alumno13wp\/index.php?rest_route=\/wp\/v2\/product\/1138","targetHints":{"allow":["GET"]}}],"collection":[{"href":"http:\/\/alumno13.shopenlaces.com.es\/alumno13wp\/index.php?rest_route=\/wp\/v2\/product"}],"about":[{"href":"http:\/\/alumno13.shopenlaces.com.es\/alumno13wp\/index.php?rest_route=\/wp\/v2\/types\/product"}],"replies":[{"embeddable":true,"href":"http:\/\/alumno13.shopenlaces.com.es\/alumno13wp\/index.php?rest_route=%2Fwp%2Fv2%2Fcomments&post=1138"}],"wp:featuredmedia":[{"embeddable":true,"href":"http:\/\/alumno13.shopenlaces.com.es\/alumno13wp\/index.php?rest_route=\/wp\/v2\/media\/977"}],"wp:attachment":[{"href":"http:\/\/alumno13.shopenlaces.com.es\/alumno13wp\/index.php?rest_route=%2Fwp%2Fv2%2Fmedia&parent=1138"}],"wp:term":[{"taxonomy":"product_brand","embeddable":true,"href":"http:\/\/alumno13.shopenlaces.com.es\/alumno13wp\/index.php?rest_route=%2Fwp%2Fv2%2Fproduct_brand&post=1138"},{"taxonomy":"product_cat","embeddable":true,"href":"http:\/\/alumno13.shopenlaces.com.es\/alumno13wp\/index.php?rest_route=%2Fwp%2Fv2%2Fproduct_cat&post=1138"},{"taxonomy":"product_tag","embeddable":true,"href":"http:\/\/alumno13.shopenlaces.com.es\/alumno13wp\/index.php?rest_route=%2Fwp%2Fv2%2Fproduct_tag&post=1138"}],"curies":[{"name":"wp","href":"https:\/\/api.w.org\/{rel}","templated":true}]}}