{"id":1140,"date":"2026-02-16T03:13:22","date_gmt":"2026-02-16T02:13:22","guid":{"rendered":"http:\/\/alumno13.shopenlaces.com.es\/alumno13wp\/?post_type=product&#038;p=1140"},"modified":"2026-02-16T03:13:31","modified_gmt":"2026-02-16T02:13:31","slug":"festival-de-globos-desde-el-cielo-de-budapest-hungria","status":"publish","type":"product","link":"http:\/\/alumno13.shopenlaces.com.es\/alumno13wp\/?product=festival-de-globos-desde-el-cielo-de-budapest-hungria","title":{"rendered":"Festival de globos desde el cielo de Budapest, Hungr\u00eda"},"content":{"rendered":"<p><strong>Descubre la &#8216;Perla del Danubio&#8217; de una manera totalmente diferente. Este viaje combina la elegancia imperial de Budapest con la aventura de un vuelo en globo aerost\u00e1tico al amanecer. Podr\u00e1s sobrevolar los paisajes del valle del Danubio y las colinas de Buda, viendo c\u00f3mo decenas de globos de colores llenan el cielo h\u00fangaro. La experiencia se completa con una visita a los famosos balnearios termales de la ciudad y una cena rom\u00e1ntica navegando por el r\u00edo bajo los puentes iluminados.<\/strong><\/p>\n<p><strong>\u00a0<\/strong><\/p>\n<p><strong>(Precio para 5 d\u00edas\/4 noches).<\/strong><\/p>\n","protected":false},"excerpt":{"rendered":"<p><strong>Hungr\u00eda desde el cielo: Budapest y el festival de globos <\/strong><\/p>\n","protected":false},"featured_media":980,"comment_status":"open","ping_status":"closed","template":"","meta":[],"product_brand":[],"product_cat":[42],"product_tag":[],"class_list":{"0":"post-1140","1":"product","2":"type-product","3":"status-publish","4":"has-post-thumbnail","6":"product_cat-viaje-cultural","8":"first","9":"instock","10":"shipping-taxable","11":"purchasable","12":"product-type-simple"},"_links":{"self":[{"href":"http:\/\/alumno13.shopenlaces.com.es\/alumno13wp\/index.php?rest_route=\/wp\/v2\/product\/1140","targetHints":{"allow":["GET"]}}],"collection":[{"href":"http:\/\/alumno13.shopenlaces.com.es\/alumno13wp\/index.php?rest_route=\/wp\/v2\/product"}],"about":[{"href":"http:\/\/alumno13.shopenlaces.com.es\/alumno13wp\/index.php?rest_route=\/wp\/v2\/types\/product"}],"replies":[{"embeddable":true,"href":"http:\/\/alumno13.shopenlaces.com.es\/alumno13wp\/index.php?rest_route=%2Fwp%2Fv2%2Fcomments&post=1140"}],"wp:featuredmedia":[{"embeddable":true,"href":"http:\/\/alumno13.shopenlaces.com.es\/alumno13wp\/index.php?rest_route=\/wp\/v2\/media\/980"}],"wp:attachment":[{"href":"http:\/\/alumno13.shopenlaces.com.es\/alumno13wp\/index.php?rest_route=%2Fwp%2Fv2%2Fmedia&parent=1140"}],"wp:term":[{"taxonomy":"product_brand","embeddable":true,"href":"http:\/\/alumno13.shopenlaces.com.es\/alumno13wp\/index.php?rest_route=%2Fwp%2Fv2%2Fproduct_brand&post=1140"},{"taxonomy":"product_cat","embeddable":true,"href":"http:\/\/alumno13.shopenlaces.com.es\/alumno13wp\/index.php?rest_route=%2Fwp%2Fv2%2Fproduct_cat&post=1140"},{"taxonomy":"product_tag","embeddable":true,"href":"http:\/\/alumno13.shopenlaces.com.es\/alumno13wp\/index.php?rest_route=%2Fwp%2Fv2%2Fproduct_tag&post=1140"}],"curies":[{"name":"wp","href":"https:\/\/api.w.org\/{rel}","templated":true}]}}